{"id":424,"date":"2023-11-22T10:48:10","date_gmt":"2023-11-22T09:48:10","guid":{"rendered":"https:\/\/jarod-legal.eliott-markus.cloud\/recruteur\/"},"modified":"2024-06-28T15:27:14","modified_gmt":"2024-06-28T13:27:14","slug":"recruteur","status":"publish","type":"page","link":"https:\/\/jarod.legal\/en\/recruteur\/","title":{"rendered":"Recruiter"},"content":{"rendered":"","protected":false},"excerpt":{"rendered":"","protected":false},"author":1,"featured_media":0,"parent":0,"menu_order":0,"comment_status":"closed","ping_status":"closed","template":"pages\/recruteur.php","meta":{"_acf_changed":false,"footnotes":""},"class_list":["post-424","page","type-page","status-publish","hentry"],"acf":[],"yoast_head":"<!-- This site is optimized with the Yoast SEO plugin v24.8.1 - https:\/\/yoast.com\/wordpress\/plugins\/seo\/ -->\n<title>Vous \u00eates recruteur ? | Jarod Legal<\/title>\n<meta name=\"description\" content=\"Jarod Legal, expert en recrutement juridique et fiscal, allie \u00e9coute et conseil pour d\u00e9nicher votre futur talent. Avec honn\u00eatet\u00e9 et pragmatisme, nous d\u00e9passons vos attentes en proposant des solutions sur mesure.\" \/>\n<meta name=\"robots\" content=\"index, follow, max-snippet:-1, max-image-preview:large, max-video-preview:-1\" \/>\n<link rel=\"canonical\" href=\"https:\/\/jarod.legal\/en\/recruteur\/\" \/>\n<meta property=\"og:locale\" content=\"en_US\" \/>\n<meta property=\"og:type\" content=\"article\" \/>\n<meta property=\"og:title\" content=\"Vous \u00eates recruteur ? | Jarod Legal\" \/>\n<meta property=\"og:description\" content=\"Jarod Legal, expert en recrutement juridique et fiscal, allie \u00e9coute et conseil pour d\u00e9nicher votre futur talent. Avec honn\u00eatet\u00e9 et pragmatisme, nous d\u00e9passons vos attentes en proposant des solutions sur mesure.\" \/>\n<meta property=\"og:url\" content=\"https:\/\/jarod.legal\/en\/recruteur\/\" \/>\n<meta property=\"og:site_name\" content=\"Jarod Legal\" \/>\n<meta property=\"article:modified_time\" content=\"2024-06-28T13:27:14+00:00\" \/>\n<meta name=\"twitter:card\" content=\"summary_large_image\" \/>\n<script type=\"application\/ld+json\" class=\"yoast-schema-graph\">{\"@context\":\"https:\/\/schema.org\",\"@graph\":[{\"@type\":\"WebPage\",\"@id\":\"https:\/\/jarod.legal\/en\/recruteur\/\",\"url\":\"https:\/\/jarod.legal\/en\/recruteur\/\",\"name\":\"Vous \u00eates recruteur ? | Jarod Legal\",\"isPartOf\":{\"@id\":\"https:\/\/jarod.legal\/#website\"},\"datePublished\":\"2023-11-22T09:48:10+00:00\",\"dateModified\":\"2024-06-28T13:27:14+00:00\",\"description\":\"Jarod Legal, expert en recrutement juridique et fiscal, allie \u00e9coute et conseil pour d\u00e9nicher votre futur talent. Avec honn\u00eatet\u00e9 et pragmatisme, nous d\u00e9passons vos attentes en proposant des solutions sur mesure.\",\"breadcrumb\":{\"@id\":\"https:\/\/jarod.legal\/en\/recruteur\/#breadcrumb\"},\"inLanguage\":\"en-US\",\"potentialAction\":[{\"@type\":\"ReadAction\",\"target\":[\"https:\/\/jarod.legal\/en\/recruteur\/\"]}]},{\"@type\":\"BreadcrumbList\",\"@id\":\"https:\/\/jarod.legal\/en\/recruteur\/#breadcrumb\",\"itemListElement\":[{\"@type\":\"ListItem\",\"position\":1,\"name\":\"Accueil\",\"item\":\"https:\/\/jarod.legal\/en\/\"},{\"@type\":\"ListItem\",\"position\":2,\"name\":\"Recruiter\"}]},{\"@type\":\"WebSite\",\"@id\":\"https:\/\/jarod.legal\/#website\",\"url\":\"https:\/\/jarod.legal\/\",\"name\":\"Jarod Legal\",\"description\":\"\",\"potentialAction\":[{\"@type\":\"SearchAction\",\"target\":{\"@type\":\"EntryPoint\",\"urlTemplate\":\"https:\/\/jarod.legal\/?s={search_term_string}\"},\"query-input\":{\"@type\":\"PropertyValueSpecification\",\"valueRequired\":true,\"valueName\":\"search_term_string\"}}],\"inLanguage\":\"en-US\"}]}<\/script>\n<!-- \/ Yoast SEO plugin. -->","yoast_head_json":{"title":"Vous \u00eates recruteur ? | Jarod Legal","description":"Jarod Legal, expert en recrutement juridique et fiscal, allie \u00e9coute et conseil pour d\u00e9nicher votre futur talent. Avec honn\u00eatet\u00e9 et pragmatisme, nous d\u00e9passons vos attentes en proposant des solutions sur mesure.","robots":{"index":"index","follow":"follow","max-snippet":"max-snippet:-1","max-image-preview":"max-image-preview:large","max-video-preview":"max-video-preview:-1"},"canonical":"https:\/\/jarod.legal\/en\/recruteur\/","og_locale":"en_US","og_type":"article","og_title":"Vous \u00eates recruteur ? | Jarod Legal","og_description":"Jarod Legal, expert en recrutement juridique et fiscal, allie \u00e9coute et conseil pour d\u00e9nicher votre futur talent. Avec honn\u00eatet\u00e9 et pragmatisme, nous d\u00e9passons vos attentes en proposant des solutions sur mesure.","og_url":"https:\/\/jarod.legal\/en\/recruteur\/","og_site_name":"Jarod Legal","article_modified_time":"2024-06-28T13:27:14+00:00","twitter_card":"summary_large_image","schema":{"@context":"https:\/\/schema.org","@graph":[{"@type":"WebPage","@id":"https:\/\/jarod.legal\/en\/recruteur\/","url":"https:\/\/jarod.legal\/en\/recruteur\/","name":"Vous \u00eates recruteur ? | Jarod Legal","isPartOf":{"@id":"https:\/\/jarod.legal\/#website"},"datePublished":"2023-11-22T09:48:10+00:00","dateModified":"2024-06-28T13:27:14+00:00","description":"Jarod Legal, expert en recrutement juridique et fiscal, allie \u00e9coute et conseil pour d\u00e9nicher votre futur talent. Avec honn\u00eatet\u00e9 et pragmatisme, nous d\u00e9passons vos attentes en proposant des solutions sur mesure.","breadcrumb":{"@id":"https:\/\/jarod.legal\/en\/recruteur\/#breadcrumb"},"inLanguage":"en-US","potentialAction":[{"@type":"ReadAction","target":["https:\/\/jarod.legal\/en\/recruteur\/"]}]},{"@type":"BreadcrumbList","@id":"https:\/\/jarod.legal\/en\/recruteur\/#breadcrumb","itemListElement":[{"@type":"ListItem","position":1,"name":"Accueil","item":"https:\/\/jarod.legal\/en\/"},{"@type":"ListItem","position":2,"name":"Recruiter"}]},{"@type":"WebSite","@id":"https:\/\/jarod.legal\/#website","url":"https:\/\/jarod.legal\/","name":"Jarod Legal","description":"","potentialAction":[{"@type":"SearchAction","target":{"@type":"EntryPoint","urlTemplate":"https:\/\/jarod.legal\/?s={search_term_string}"},"query-input":{"@type":"PropertyValueSpecification","valueRequired":true,"valueName":"search_term_string"}}],"inLanguage":"en-US"}]}},"_links":{"self":[{"href":"https:\/\/jarod.legal\/en\/wp-json\/wp\/v2\/pages\/424","targetHints":{"allow":["GET"]}}],"collection":[{"href":"https:\/\/jarod.legal\/en\/wp-json\/wp\/v2\/pages"}],"about":[{"href":"https:\/\/jarod.legal\/en\/wp-json\/wp\/v2\/types\/page"}],"author":[{"embeddable":true,"href":"https:\/\/jarod.legal\/en\/wp-json\/wp\/v2\/users\/1"}],"replies":[{"embeddable":true,"href":"https:\/\/jarod.legal\/en\/wp-json\/wp\/v2\/comments?post=424"}],"version-history":[{"count":10,"href":"https:\/\/jarod.legal\/en\/wp-json\/wp\/v2\/pages\/424\/revisions"}],"predecessor-version":[{"id":554,"href":"https:\/\/jarod.legal\/en\/wp-json\/wp\/v2\/pages\/424\/revisions\/554"}],"wp:attachment":[{"href":"https:\/\/jarod.legal\/en\/wp-json\/wp\/v2\/media?parent=424"}],"curies":[{"name":"wp","href":"https:\/\/api.w.org\/{rel}","templated":true}]}}